{"id":1746,"date":"2015-05-13T06:04:55","date_gmt":"2015-05-13T06:04:55","guid":{"rendered":"https:\/\/manos-rentacar.com\/brands\/"},"modified":"2019-06-27T09:58:46","modified_gmt":"2019-06-27T09:58:46","slug":"markalar","status":"publish","type":"page","link":"https:\/\/manos-rentacar.com\/tr\/markalar\/","title":{"rendered":"Markalar"},"content":{"rendered":"<section  id=\"section-69f0ea38e1071\" class=\"fw-main-row   auto hideform\"  style=\"background-color:#f9f9f9;  \"  >\n    <div >\n        <div class=\"fw-container sections\">\n            <div class=\"fw-row\">\n\t\n\n<div id=\"column-69f0ea38e1b30\" class=\" fw-col-sm-12       wow fadeInUp animated\" data-wow-offset=\"120\" data-wow-duration=\"1.5s\" style=\"  \">\n        <div class=\"fw-main-row\">\n        <div class=\"fw-col-inner\" >\n            \n<div class=\"fw-heading fw-heading-h1 fw-heading-center   wow fadeIn animated\" data-wow-offset=\"120\" data-wow-duration=\"1.5s\" style=\" color:\">\n\t    <div class=\"\"><h1 class='fw-special-title'>Cesitli markalar sunuyoruz!<\/h1><\/div>\n\n\t\t\t<div class=\"fw-special-subtitle\">Samos adas\u0131nda kiralamak uzere \u00e7ok \u00e7e\u015fitli araba markalar\u0131 ve modelleri sunuyoruz.<\/div>\n\t\n\t\t\t<span class=\"underline\">&nbsp;<\/span>\n\t\n\n<\/div>                    <\/div>\n    <\/div>\n\n\n<\/div><\/div>\n\n<div class=\"fw-row\">\n\t\n\n<div id=\"column-69f0ea38e2ca1\" class=\" fw-col-sm-12       wow fadeInUp animated\" data-wow-offset=\"120\" data-wow-duration=\"1.5s\" style=\"  \">\n        <div class=\"fw-main-row\">\n        <div class=\"fw-col-inner\" >\n            <div class=\"fw-divider-space space-sm\"  ><\/div>                    <\/div>\n    <\/div>\n\n\n<\/div><\/div>\n\n<div class=\"fw-row\">\n\t\n\n<div id=\"column-69f0ea38e3d06\" class=\" fw-col-sm-3       wow fadeInUp animated\" data-wow-offset=\"120\" data-wow-duration=\"1.5s\" style=\"  \">\n        <div class=\"fw-main-row\">\n        <div class=\"fw-col-inner\" >\n            \n\n\n<div class=\"client-wrapper2 wow fadeIn animated\" data-wow-offset=\"120\" data-wow-duration=\"1.5s\">\n            <img decoding=\"async\" alt=\"client\" src=\"\/\/manos-rentacar.com\/devpage\/wp-content\/uploads\/2015\/09\/chevrolet-logo.png\">\n    <\/div>\n                    <\/div>\n    <\/div>\n\n\n<\/div>\n\n<div id=\"column-69f0ea38e475b\" class=\" fw-col-sm-3       wow fadeInUp animated\" data-wow-offset=\"120\" data-wow-duration=\"1.5s\" style=\"  \">\n        <div class=\"fw-main-row\">\n        <div class=\"fw-col-inner\" >\n            \n\n\n<div class=\"client-wrapper2 wow fadeIn animated\" data-wow-offset=\"120\" data-wow-duration=\"1.5s\">\n            <img decoding=\"async\" alt=\"client\" src=\"\/\/manos-rentacar.com\/devpage\/wp-content\/uploads\/2015\/09\/kia-logo.png\">\n    <\/div>\n                    <\/div>\n    <\/div>\n\n\n<\/div>\n\n<div id=\"column-69f0ea38e509a\" class=\" fw-col-sm-3       wow fadeInUp animated\" data-wow-offset=\"120\" data-wow-duration=\"1.5s\" style=\"  \">\n        <div class=\"fw-main-row\">\n        <div class=\"fw-col-inner\" >\n            \n\n\n<div class=\"client-wrapper2 wow fadeIn animated\" data-wow-offset=\"120\" data-wow-duration=\"1.5s\">\n            <img decoding=\"async\" alt=\"client\" src=\"\/\/manos-rentacar.com\/devpage\/wp-content\/uploads\/2015\/09\/hyundai-logo.png\">\n    <\/div>\n                    <\/div>\n    <\/div>\n\n\n<\/div>\n\n<div id=\"column-69f0ea38e59e1\" class=\" fw-col-sm-3       wow fadeInUp animated\" data-wow-offset=\"120\" data-wow-duration=\"1.5s\" style=\"  \">\n        <div class=\"fw-main-row\">\n        <div class=\"fw-col-inner\" >\n            \n\n\n<div class=\"client-wrapper2 wow fadeIn animated\" data-wow-offset=\"120\" data-wow-duration=\"1.5s\">\n            <img decoding=\"async\" alt=\"client\" src=\"\/\/manos-rentacar.com\/devpage\/wp-content\/uploads\/2015\/09\/fiat-logo.png\">\n    <\/div>\n                    <\/div>\n    <\/div>\n\n\n<\/div><\/div>\n\n<div class=\"fw-row\">\n\t\n\n<div id=\"column-69f0ea38e68ed\" class=\" fw-col-sm-12       wow fadeInUp animated\" data-wow-offset=\"120\" data-wow-duration=\"1.5s\" style=\"  \">\n        <div class=\"fw-main-row\">\n        <div class=\"fw-col-inner\" >\n                <div  class=\" fw-divider-full-width fw-divider-space   \" style=\"width:auto%; padding-top:20px; margin-bottom:20px; \" ><\/div>\n                    <\/div>\n    <\/div>\n\n\n<\/div><\/div>\n\n<div class=\"fw-row\">\n\t\n\n<div id=\"column-69f0ea38e7a2e\" class=\" fw-col-sm-3       wow fadeInUp animated\" data-wow-offset=\"120\" data-wow-duration=\"1.5s\" style=\"  \">\n        <div class=\"fw-main-row\">\n        <div class=\"fw-col-inner\" >\n            \n\n\n<div class=\"client-wrapper2 wow fadeIn animated\" data-wow-offset=\"120\" data-wow-duration=\"1.5s\">\n            <img decoding=\"async\" alt=\"client\" src=\"\/\/manos-rentacar.com\/devpage\/wp-content\/uploads\/2015\/09\/ford-logo.png\">\n    <\/div>\n                    <\/div>\n    <\/div>\n\n\n<\/div>\n\n<div id=\"column-69f0ea38e8328\" class=\" fw-col-sm-3       wow fadeInUp animated\" data-wow-offset=\"120\" data-wow-duration=\"1.5s\" style=\"  \">\n        <div class=\"fw-main-row\">\n        <div class=\"fw-col-inner\" >\n            \n\n\n<div class=\"client-wrapper2 wow fadeIn animated\" data-wow-offset=\"120\" data-wow-duration=\"1.5s\">\n            <img decoding=\"async\" alt=\"client\" src=\"\/\/manos-rentacar.com\/devpage\/wp-content\/uploads\/2015\/09\/suzuki-logo.png\">\n    <\/div>\n                    <\/div>\n    <\/div>\n\n\n<\/div>\n\n<div id=\"column-69f0ea38e8bec\" class=\" fw-col-sm-3       wow fadeInUp animated\" data-wow-offset=\"120\" data-wow-duration=\"1.5s\" style=\"  \">\n        <div class=\"fw-main-row\">\n        <div class=\"fw-col-inner\" >\n            \n\n\n<div class=\"client-wrapper2 wow fadeIn animated\" data-wow-offset=\"120\" data-wow-duration=\"1.5s\">\n            <img decoding=\"async\" alt=\"client\" src=\"\/\/manos-rentacar.com\/devpage\/wp-content\/uploads\/2015\/09\/seat-logo.png\">\n    <\/div>\n                    <\/div>\n    <\/div>\n\n\n<\/div>\n\n<div id=\"column-69f0ea38e9523\" class=\" fw-col-sm-3       wow fadeInUp animated\" data-wow-offset=\"120\" data-wow-duration=\"1.5s\" style=\"  \">\n        <div class=\"fw-main-row\">\n        <div class=\"fw-col-inner\" >\n            \n\n\n<div class=\"client-wrapper2 wow fadeIn animated\" data-wow-offset=\"120\" data-wow-duration=\"1.5s\">\n            <img decoding=\"async\" alt=\"client\" src=\"\/\/manos-rentacar.com\/devpage\/wp-content\/uploads\/2015\/09\/peugeot-logo.png\">\n    <\/div>\n                    <\/div>\n    <\/div>\n\n\n<\/div><\/div>\n\n<div class=\"fw-row\">\n\t\n\n<div id=\"column-69f0ea38ea36f\" class=\" fw-col-sm-12       wow fadeInUp animated\" data-wow-offset=\"120\" data-wow-duration=\"1.5s\" style=\"  \">\n        <div class=\"fw-main-row\">\n        <div class=\"fw-col-inner\" >\n                <div  class=\" fw-divider-full-width fw-divider-space   \" style=\"width:auto%; padding-top:20px; margin-bottom:20px; \" ><\/div>\n                    <\/div>\n    <\/div>\n\n\n<\/div><\/div>\n\n<div class=\"fw-row\">\n\t\n\n<div id=\"column-69f0ea38eb1d3\" class=\" fw-col-sm-3       wow fadeInUp animated\" data-wow-offset=\"120\" data-wow-duration=\"1.5s\" style=\"  \">\n        <div class=\"fw-main-row\">\n        <div class=\"fw-col-inner\" >\n            \n\n\n<div class=\"client-wrapper2 wow fadeIn animated\" data-wow-offset=\"120\" data-wow-duration=\"1.5s\">\n            <img decoding=\"async\" alt=\"client\" src=\"\/\/manos-rentacar.com\/devpage\/wp-content\/uploads\/2015\/09\/nissan-logo.png\">\n    <\/div>\n                    <\/div>\n    <\/div>\n\n\n<\/div>\n\n<div id=\"column-69f0ea38ec290\" class=\" fw-col-sm-3       wow fadeInUp animated\" data-wow-offset=\"120\" data-wow-duration=\"1.5s\" style=\"  \">\n        <div class=\"fw-main-row\">\n        <div class=\"fw-col-inner\" >\n            \n\n\n<div class=\"client-wrapper2 wow fadeIn animated\" data-wow-offset=\"120\" data-wow-duration=\"1.5s\">\n            <img decoding=\"async\" alt=\"client\" src=\"\/\/manos-rentacar.com\/devpage\/wp-content\/uploads\/2015\/09\/citroen-logo.png\">\n    <\/div>\n                    <\/div>\n    <\/div>\n\n\n<\/div>\n\n<div id=\"column-69f0ea38ecb9e\" class=\" fw-col-sm-3       wow fadeInUp animated\" data-wow-offset=\"120\" data-wow-duration=\"1.5s\" style=\"  \">\n        <div class=\"fw-main-row\">\n        <div class=\"fw-col-inner\" >\n            \n\n\n<div class=\"client-wrapper2 wow fadeIn animated\" data-wow-offset=\"120\" data-wow-duration=\"1.5s\">\n            <img decoding=\"async\" alt=\"client\" src=\"\/\/manos-rentacar.com\/devpage\/wp-content\/uploads\/2015\/09\/opel-logo.png\">\n    <\/div>\n                    <\/div>\n    <\/div>\n\n\n<\/div>\n\n<div id=\"column-69f0ea38ed461\" class=\" fw-col-sm-3       wow fadeInUp animated\" data-wow-offset=\"120\" data-wow-duration=\"1.5s\" style=\"  \">\n        <div class=\"fw-main-row\">\n        <div class=\"fw-col-inner\" >\n            \n\n\n<div class=\"client-wrapper2 wow fadeIn animated\" data-wow-offset=\"120\" data-wow-duration=\"1.5s\">\n            <img decoding=\"async\" alt=\"client\" src=\"\/\/manos-rentacar.com\/devpage\/wp-content\/uploads\/2015\/09\/toyota-logo.png\">\n    <\/div>\n                    <\/div>\n    <\/div>\n\n\n<\/div><\/div>\n\n        <\/div>\n    <\/div>\n    <\/section>\n\n","protected":false},"excerpt":{"rendered":"<p>Cesitli markalar sunuyoruz! Samos adas\u0131nda kiralamak uzere \u00e7ok \u00e7e\u015fitli araba markalar\u0131 ve modelleri sunuyoruz. &nbsp;<\/p>\n","protected":false},"author":1,"featured_media":0,"parent":0,"menu_order":0,"comment_status":"open","ping_status":"open","template":"","meta":{"footnotes":""},"class_list":["post-1746","page","type-page","status-publish","hentry"],"_links":{"self":[{"href":"https:\/\/manos-rentacar.com\/tr\/wp-json\/wp\/v2\/pages\/1746","targetHints":{"allow":["GET"]}}],"collection":[{"href":"https:\/\/manos-rentacar.com\/tr\/wp-json\/wp\/v2\/pages"}],"about":[{"href":"https:\/\/manos-rentacar.com\/tr\/wp-json\/wp\/v2\/types\/page"}],"author":[{"embeddable":true,"href":"https:\/\/manos-rentacar.com\/tr\/wp-json\/wp\/v2\/users\/1"}],"replies":[{"embeddable":true,"href":"https:\/\/manos-rentacar.com\/tr\/wp-json\/wp\/v2\/comments?post=1746"}],"version-history":[{"count":3,"href":"https:\/\/manos-rentacar.com\/tr\/wp-json\/wp\/v2\/pages\/1746\/revisions"}],"predecessor-version":[{"id":1750,"href":"https:\/\/manos-rentacar.com\/tr\/wp-json\/wp\/v2\/pages\/1746\/revisions\/1750"}],"wp:attachment":[{"href":"https:\/\/manos-rentacar.com\/tr\/wp-json\/wp\/v2\/media?parent=1746"}],"curies":[{"name":"wp","href":"https:\/\/api.w.org\/{rel}","templated":true}]}}