{"id":1735,"date":"2015-10-08T16:34:52","date_gmt":"2015-10-08T16:34:52","guid":{"rendered":"https:\/\/manos-rentacar.com\/video-info\/"},"modified":"2025-02-17T14:03:01","modified_gmt":"2025-02-17T14:03:01","slug":"video-bilgisi","status":"publish","type":"page","link":"https:\/\/manos-rentacar.com\/tr\/video-bilgisi\/","title":{"rendered":"Video Bilgisi"},"content":{"rendered":"<section  id=\"section-69f0ea3902b9f\" class=\"fw-main-row   auto hideform\"  style=\"  \"  >\n    <div >\n        <div class=\"fw-container sections\">\n            <div class=\"fw-row\">\n\t\n\n<div id=\"column-69f0ea39033f9\" class=\" fw-col-sm-6       wow fadeInUp animated\" data-wow-offset=\"120\" data-wow-duration=\"1.5s\" style=\"  \">\n        <div class=\"fw-main-row\">\n        <div class=\"fw-col-inner\" >\n                \n    <div class=\"fw-video  \">\n        <iframe loading=\"lazy\" width=\"550\" height=\"309\" src=\"https:\/\/www.youtube.com\/embed\/p-qmQoOOY3Y?feature=oembed\" frameborder=\"0\" allowfullscreen><\/iframe>    <\/div>\n                    <\/div>\n    <\/div>\n\n\n<\/div>\n\n<div id=\"column-69f0ea3904d2a\" class=\" fw-col-sm-6       wow fadeInUp animated\" data-wow-offset=\"120\" data-wow-duration=\"1.5s\" style=\"  \">\n        <div class=\"fw-main-row\">\n        <div class=\"fw-col-inner\" >\n            \n<div class=\"fw-heading fw-heading-h2    wow fadeIn animated\" data-wow-offset=\"120\" data-wow-duration=\"1.5s\" style=\" color:\">\n\t    <div class=\"fw-special-title-half\"><h2 class='fw-special-title'>Bilgi videomuzu izleyin<\/h2><\/div>\n\n\t\n\t\n\n<\/div><p>\u015eirketimiz 1994 y\u0131l\u0131nda kuruldu. Ara\u00e7lar\u0131n kalitesi, emniyeti ve en iyi fiyatlar\u0131n yan\u0131 s\u0131ra ger\u00e7ekten dost\u00e7a bir ortam\u0131 birle\u015ftiren se\u00e7kin m\u00fc\u015fteri hizmetine odaklanarak faaliyetlerimize ba\u015flad\u0131k.<\/p><p>20+  yil sonra, m\u00fc\u015fterilerimize sunabilece\u011fimiz kalitemiz ve ara\u00e7 \u00e7e\u015fitlili\u011fimizle gurur duyuyoruz. Samos adasinda arac kiralayin ve g\u00fcvende olun!<\/p>\n\n\n\t<div class=\"text-right\"><a href=\"https:\/\/www.quantum-travel.com.gr\/tr\/\" target=\"_blank\"  class=\"btn btn-default\" title=\"Seyahat web sitemizi kontrol edin!\">\n\t\t<i class=\" fa fa-send\"><\/i> Seyahat web sitemizi kontrol edin!\t<\/a>\n\t<\/div>                    <\/div>\n    <\/div>\n\n\n<\/div><\/div>\n\n        <\/div>\n    <\/div>\n    <\/section>\n\n","protected":false},"excerpt":{"rendered":"<p>Bilgi videomuzu izleyin \u015eirketimiz 1994 y\u0131l\u0131nda kuruldu. Ara\u00e7lar\u0131n kalitesi, emniyeti ve en iyi fiyatlar\u0131n yan\u0131 s\u0131ra ger\u00e7ekten dost\u00e7a bir ortam\u0131 birle\u015ftiren se\u00e7kin m\u00fc\u015fteri hizmetine odaklanarak faaliyetlerimize ba\u015flad\u0131k.20+ yil sonra, m\u00fc\u015fterilerimize sunabilece\u011fimiz kalitemiz ve ara\u00e7 \u00e7e\u015fitlili\u011fimizle gurur duyuyoruz. Samos adasinda arac kiralayin ve g\u00fcvende olun! Seyahat web sitemizi kontrol edin!<\/p>\n","protected":false},"author":1,"featured_media":0,"parent":0,"menu_order":0,"comment_status":"closed","ping_status":"closed","template":"","meta":{"footnotes":""},"class_list":["post-1735","page","type-page","status-publish","hentry"],"_links":{"self":[{"href":"https:\/\/manos-rentacar.com\/tr\/wp-json\/wp\/v2\/pages\/1735","targetHints":{"allow":["GET"]}}],"collection":[{"href":"https:\/\/manos-rentacar.com\/tr\/wp-json\/wp\/v2\/pages"}],"about":[{"href":"https:\/\/manos-rentacar.com\/tr\/wp-json\/wp\/v2\/types\/page"}],"author":[{"embeddable":true,"href":"https:\/\/manos-rentacar.com\/tr\/wp-json\/wp\/v2\/users\/1"}],"replies":[{"embeddable":true,"href":"https:\/\/manos-rentacar.com\/tr\/wp-json\/wp\/v2\/comments?post=1735"}],"version-history":[{"count":4,"href":"https:\/\/manos-rentacar.com\/tr\/wp-json\/wp\/v2\/pages\/1735\/revisions"}],"predecessor-version":[{"id":1894,"href":"https:\/\/manos-rentacar.com\/tr\/wp-json\/wp\/v2\/pages\/1735\/revisions\/1894"}],"wp:attachment":[{"href":"https:\/\/manos-rentacar.com\/tr\/wp-json\/wp\/v2\/media?parent=1735"}],"curies":[{"name":"wp","href":"https:\/\/api.w.org\/{rel}","templated":true}]}}