{"id":1726,"date":"2015-05-13T05:36:26","date_gmt":"2015-05-13T05:36:26","guid":{"rendered":"https:\/\/manos-rentacar.com\/driver-service\/"},"modified":"2019-06-27T09:42:16","modified_gmt":"2019-06-27T09:42:16","slug":"sofor-hizmeti","status":"publish","type":"page","link":"https:\/\/manos-rentacar.com\/tr\/sofor-hizmeti\/","title":{"rendered":"Sofor Hizmeti"},"content":{"rendered":"<section  id=\"section-69f0eac5630a1\" class=\"fw-main-row   auto hideform\"  style=\"  \"  >\n    <div >\n        <div class=\"fw-container sections\">\n            <div class=\"fw-row\">\n\t\n\n<div id=\"column-69f0eac563af0\" class=\" fw-col-sm-6       wow fadeInUp animated\" data-wow-offset=\"120\" data-wow-duration=\"1.5s\" style=\"  \">\n        <div class=\"fw-main-row\">\n        <div class=\"fw-col-inner\" >\n            \n<div class=\"fw-heading fw-heading-h2    wow fadeIn animated\" data-wow-offset=\"120\" data-wow-duration=\"1.5s\" style=\" color:\">\n\t    <div class=\"fw-special-title-half\"><h2 class='fw-special-title'>Sofor Hizmeti<\/h2><\/div>\n\n\t\n\t\n\n<\/div><p><strong>\u201cManos Rent a Car\"<\/strong> dan gelen benzersiz <strong>\u015eof\u00f6r Servisi<\/strong> ile araciniz, sizin veya yakinlariniz icin daha kolay ve daha guvenli! Art\u0131k herkes kendi \u015fof\u00f6r\u00fcne sahip olabilir\u2026Deneyimli \u015fof\u00f6rler sizi havaalan\u0131nda ya da limanda bekliyor olacak ve sizi istedi\u011finiz yere transfer ederek amac\u0131n\u0131z\u0131 tamamlamak istedi\u011finiz s\u00fcrece yan\u0131n\u0131zda kalacakt\u0131r. Birinci s\u0131n\u0131fta seyahat edin ve kap\u0131dan kap\u0131ya g\u00fcvenli ve g\u00fcvenilir bir servis ile stresi \u00f6nleyin. Sadece s\u00fcr\u00fc\u015f ve rota planlamam\u0131z\u0131 bize b\u0131rak\u0131n ve yolculugun tad\u0131n\u0131 \u00e7\u0131kar\u0131n. Ki\u015fisel isteklerinize g\u00f6re tasarlanan turlar, en g\u00fczel yerlerin cazibesini tecr\u00fcbe etmenizi sa\u011flar. Ki\u015fisel s\u00fcr\u00fcc\u00fc rehberiniz e\u015fli\u011finde, ziyaret etti\u011finiz yerlerin tad\u0131n\u0131 \u00e7\u0131karin.<\/p>\n\n\n\t<div class=\"text-right\"><a href=\"https:\/\/manos-rentacar.com\/tr\/\" target=\"_self\"  class=\"btn btn-default\" title=\"Online Rezervasyon\">\n\t\t<i class=\" fa fa-paper-plane\"><\/i> Online Rezervasyon\t<\/a>\n\t<\/div>                    <\/div>\n    <\/div>\n\n\n<\/div>\n\n<div id=\"column-69f0eac564eb0\" class=\" fw-col-sm-6       wow fadeInUp animated\" data-wow-offset=\"120\" data-wow-duration=\"1.5s\" style=\"  \">\n        <div class=\"fw-main-row\">\n        <div class=\"fw-col-inner\" >\n            <div class=\"fw-single-image \" >\n\t\t    <img decoding=\"async\" src=\"\/\/manos-rentacar.com\/wp-content\/uploads\/2015\/05\/info-chauffer.jpg\" class=\"img-responsive\" alt=\"\"  \/>\n\t<\/div>                    <\/div>\n    <\/div>\n\n\n<\/div><\/div>\n\n        <\/div>\n    <\/div>\n    <\/section>\n\n","protected":false},"excerpt":{"rendered":"<p>Sofor Hizmeti \u201cManos Rent a Car&#8221; dan gelen benzersiz \u015eof\u00f6r Servisi ile araciniz, sizin veya yakinlariniz icin daha kolay ve daha guvenli! Art\u0131k herkes kendi \u015fof\u00f6r\u00fcne sahip olabilir\u2026Deneyimli \u015fof\u00f6rler sizi havaalan\u0131nda ya da limanda bekliyor olacak ve sizi istedi\u011finiz yere transfer ederek amac\u0131n\u0131z\u0131 tamamlamak istedi\u011finiz s\u00fcrece yan\u0131n\u0131zda kalacakt\u0131r. Birinci s\u0131n\u0131fta seyahat edin ve kap\u0131dan kap\u0131ya [&hellip;]<\/p>\n","protected":false},"author":1,"featured_media":0,"parent":0,"menu_order":0,"comment_status":"open","ping_status":"closed","template":"","meta":{"footnotes":""},"class_list":["post-1726","page","type-page","status-publish","hentry"],"_links":{"self":[{"href":"https:\/\/manos-rentacar.com\/tr\/wp-json\/wp\/v2\/pages\/1726","targetHints":{"allow":["GET"]}}],"collection":[{"href":"https:\/\/manos-rentacar.com\/tr\/wp-json\/wp\/v2\/pages"}],"about":[{"href":"https:\/\/manos-rentacar.com\/tr\/wp-json\/wp\/v2\/types\/page"}],"author":[{"embeddable":true,"href":"https:\/\/manos-rentacar.com\/tr\/wp-json\/wp\/v2\/users\/1"}],"replies":[{"embeddable":true,"href":"https:\/\/manos-rentacar.com\/tr\/wp-json\/wp\/v2\/comments?post=1726"}],"version-history":[{"count":4,"href":"https:\/\/manos-rentacar.com\/tr\/wp-json\/wp\/v2\/pages\/1726\/revisions"}],"predecessor-version":[{"id":1732,"href":"https:\/\/manos-rentacar.com\/tr\/wp-json\/wp\/v2\/pages\/1726\/revisions\/1732"}],"wp:attachment":[{"href":"https:\/\/manos-rentacar.com\/tr\/wp-json\/wp\/v2\/media?parent=1726"}],"curies":[{"name":"wp","href":"https:\/\/api.w.org\/{rel}","templated":true}]}}