{"id":1704,"date":"2015-05-13T05:28:30","date_gmt":"2015-05-13T05:28:30","guid":{"rendered":"https:\/\/manos-rentacar.com\/reviews\/"},"modified":"2019-06-27T09:12:53","modified_gmt":"2019-06-27T09:12:53","slug":"yorumlar","status":"publish","type":"page","link":"https:\/\/manos-rentacar.com\/tr\/yorumlar\/","title":{"rendered":"Yorumlar"},"content":{"rendered":"<section  id=\"section-69f0ea1b86146\" class=\"fw-main-row   auto hideform\"  style=\"  \"  >\n    <div >\n        <div class=\"fw-container sections\">\n            <div class=\"fw-row\">\n\t\n\n<div id=\"column-69f0ea1b86a4f\" class=\" fw-col-sm-12       wow fadeInUp animated\" data-wow-offset=\"120\" data-wow-duration=\"1.5s\" style=\"  \">\n        <div class=\"fw-main-row\">\n        <div class=\"fw-col-inner\" >\n            <div id=\"testimonials-69f0ea1b86ed2\" class=\"container wow fadeInUp\">\n\t<div class=\"row text-center\">\n\t\t<div id=\"reviews\" >\n\t\t\t<div class=\"col-md-12 stars\">\n\t\t\t\t<span class=\"glyphicon glyphicon-star\"><\/span>\n\t\t\t\t<span class=\"glyphicon glyphicon-star\"><\/span>\n\t\t\t\t<span class=\"glyphicon glyphicon-star big\"><\/span>\n\t\t\t\t<span class=\"glyphicon glyphicon-star\"><\/span>\n\t\t\t\t<span class=\"glyphicon glyphicon-star\"><\/span>\n\t\t\t<\/div>\n\t\t\t<div class=\"col-md-10 col-md-offset-1\">\n\t\t\t\t<div id=\"reviews-carousel\" class=\"carousel slide carousel-fade\" data-ride=\"carousel\">\n\t\t\t\t\t<div class=\"carousel-inner\">\n\n\t\t\t\t\t\t<!-- Review item 1 start -->\n\t\t\t\t\t\t\t\t\t\t\t\t\t<div class=\"item\">\n\t\t\t\t\t\t\t\t<div class=\"review\">\n\t\t\t\t\t\t\t\t\t\u201cManos Rent a Car &quot;\u00e7ok s\u0131cak ve yard\u0131msever bir firma. Bize adan\u0131n etraf\u0131ndaki b\u00fcy\u00fck da\u011flara t\u0131rmanacak kadar g\u00fc\u00e7l\u00fc ve kullan\u0131m\u0131 kolay bir ara\u00e7 sa\u011flad\u0131lar. Hizmetiniz i\u00e7in \u00e7ok te\u015fekk\u00fcr ederiz!\t\t\t\t\t\t\t\t<\/div>\n\t\t\t\t\t\t\t\t<div class=\"author\">\n\t\t\t\t\t\t\t\t\tMence, Evren &amp; Gagdus-Turkiye\t\t\t\t\t\t\t\t<\/div>\n\t\t\t\t\t\t\t<\/div>\n\t\t\t\t\t\t\t\t\t\t\t\t\t<div class=\"item\">\n\t\t\t\t\t\t\t\t<div class=\"review\">\n\t\t\t\t\t\t\t\t\tManos ve ekibi \u00e7ok misafirperver ve yard\u0131msever insanlard\u0131. Arabamiz \u00e7ok rahat, yeni ve buyuktu. Kalite, g\u00fcven ve s\u0131cakl\u0131\u011f\u0131niz i\u00e7in \u00e7ok te\u015fekk\u00fcr ederim.\t\t\t\t\t\t\t\t<\/div>\n\t\t\t\t\t\t\t\t<div class=\"author\">\n\t\t\t\t\t\t\t\t\tDuk, Tuncay, Nison &amp; Aysenaz-Turkiye\t\t\t\t\t\t\t\t<\/div>\n\t\t\t\t\t\t\t<\/div>\n\t\t\t\t\t\t\t\t\t\t\t\t\t<div class=\"item\">\n\t\t\t\t\t\t\t\t<div class=\"review\">\n\t\t\t\t\t\t\t\t\tSamos&#039;ta bir gun ge\u00e7irdik ve &quot;Manos Rent a Car&quot; dan bir ara\u00e7 kiralad\u0131k. Hizmetlerini \u00e7ok profesyonel, etkili ve verimli bulduk. Manos, ziyaret edebilece\u011fimiz yerler konusunda bize yard\u0131mc\u0131 oldu ve bize adan\u0131n i\u00e7inde gezmekten keyif ald\u0131\u011f\u0131m\u0131z harika bir araba sa\u011flad\u0131. Ara\u00e7 kiralamak ve g\u00fczel Samos adas\u0131n\u0131 ziyaret etmek isteyen herkese Manos arac kiralama firmasini tavsiye ederiz.\r\n\t\t\t\t\t\t\t\t<\/div>\n\t\t\t\t\t\t\t\t<div class=\"author\">\n\t\t\t\t\t\t\t\t\tNick Hagantonis-Avustralya\t\t\t\t\t\t\t\t<\/div>\n\t\t\t\t\t\t\t<\/div>\n\t\t\t\t\t\t\t\t\t\t\t\t\t<div class=\"item\">\n\t\t\t\t\t\t\t\t<div class=\"review\">\n\t\t\t\t\t\t\t\t\tManos sayesinde Samos&#039;ta \u00e7ok g\u00fczel bir g\u00fcn ge\u00e7irdik! G\u00fcler y\u00fczl\u00fc hizmet, uygun fiyat ve ger\u00e7ekten iyi araba. Te\u015fekk\u00fcr ederim!\t\t\t\t\t\t\t\t<\/div>\n\t\t\t\t\t\t\t\t<div class=\"author\">\n\t\t\t\t\t\t\t\t\tHolappa family-Finlandiya\t\t\t\t\t\t\t\t<\/div>\n\t\t\t\t\t\t\t<\/div>\n\t\t\t\t\t\t\t\t\t\t\t\t\t<div class=\"item\">\n\t\t\t\t\t\t\t\t<div class=\"review\">\n\t\t\t\t\t\t\t\t\tFiyatlar makul ve arabalar \u00e7ok rahat! Samos adas\u0131ndaki ziyaretinizde &quot;Manos Rent a Car&quot; i deneyin.\t\t\t\t\t\t\t\t<\/div>\n\t\t\t\t\t\t\t\t<div class=\"author\">\n\t\t\t\t\t\t\t\t\tIskerder &amp; Yoguz-Ankara, Turkiye\t\t\t\t\t\t\t\t<\/div>\n\t\t\t\t\t\t\t<\/div>\n\t\t\t\t\t\t\t\t\t\t\t\t<!-- Review item 1 end -->\n\n\n\t\t\t\t\t<\/div>\n\n\t\t\t\t\t<!-- Review Nav start -->\n\t\t\t\t\t<ol class=\"carousel-indicators xs-indicator\">\n\t\t\t\t\t\t\t\t\t\t\t\t\t<li data-target=\"#reviews-carousel\" data-slide-to=\"0\"><\/li>\n\n\t\t\t\t\t\t\t\t\t\t\t\t\t\t<li data-target=\"#reviews-carousel\" data-slide-to=\"1\"><\/li>\n\n\t\t\t\t\t\t\t\t\t\t\t\t\t\t<li data-target=\"#reviews-carousel\" data-slide-to=\"2\"><\/li>\n\n\t\t\t\t\t\t\t\t\t\t\t\t\t\t<li data-target=\"#reviews-carousel\" data-slide-to=\"3\"><\/li>\n\n\t\t\t\t\t\t\t\t\t\t\t\t\t\t<li data-target=\"#reviews-carousel\" data-slide-to=\"4\"><\/li>\n\n\t\t\t\t\t\t\t\t\t\t\t\t<\/ol>\n\t\t\t\t\t<!-- Review Nav end -->\n\n\t\t\t\t<\/div>\n\t\t\t<\/div>\n\t\t<\/div>\n\t<\/div>\n<\/div>                    <\/div>\n    <\/div>\n\n\n<\/div><\/div>\n\n        <\/div>\n    <\/div>\n    <\/section>\n\n","protected":false},"excerpt":{"rendered":"<p>\u201cManos Rent a Car &quot;\u00e7ok s\u0131cak ve yard\u0131msever bir firma. Bize adan\u0131n etraf\u0131ndaki b\u00fcy\u00fck da\u011flara t\u0131rmanacak kadar g\u00fc\u00e7l\u00fc ve kullan\u0131m\u0131 kolay bir ara\u00e7 sa\u011flad\u0131lar. Hizmetiniz i\u00e7in \u00e7ok te\u015fekk\u00fcr ederiz! Mence, Evren &amp; Gagdus-Turkiye Manos ve ekibi \u00e7ok misafirperver ve yard\u0131msever insanlard\u0131. Arabamiz \u00e7ok rahat, yeni ve buyuktu. Kalite, g\u00fcven ve s\u0131cakl\u0131\u011f\u0131niz i\u00e7in \u00e7ok te\u015fekk\u00fcr ederim. [&hellip;]<\/p>\n","protected":false},"author":1,"featured_media":0,"parent":0,"menu_order":0,"comment_status":"open","ping_status":"closed","template":"","meta":{"footnotes":""},"class_list":["post-1704","page","type-page","status-publish","hentry"],"_links":{"self":[{"href":"https:\/\/manos-rentacar.com\/tr\/wp-json\/wp\/v2\/pages\/1704","targetHints":{"allow":["GET"]}}],"collection":[{"href":"https:\/\/manos-rentacar.com\/tr\/wp-json\/wp\/v2\/pages"}],"about":[{"href":"https:\/\/manos-rentacar.com\/tr\/wp-json\/wp\/v2\/types\/page"}],"author":[{"embeddable":true,"href":"https:\/\/manos-rentacar.com\/tr\/wp-json\/wp\/v2\/users\/1"}],"replies":[{"embeddable":true,"href":"https:\/\/manos-rentacar.com\/tr\/wp-json\/wp\/v2\/comments?post=1704"}],"version-history":[{"count":3,"href":"https:\/\/manos-rentacar.com\/tr\/wp-json\/wp\/v2\/pages\/1704\/revisions"}],"predecessor-version":[{"id":1707,"href":"https:\/\/manos-rentacar.com\/tr\/wp-json\/wp\/v2\/pages\/1704\/revisions\/1707"}],"wp:attachment":[{"href":"https:\/\/manos-rentacar.com\/tr\/wp-json\/wp\/v2\/media?parent=1704"}],"curies":[{"name":"wp","href":"https:\/\/api.w.org\/{rel}","templated":true}]}}